{"id":2,"date":"2015-02-25T08:25:17","date_gmt":"2015-02-25T08:25:17","guid":{"rendered":"http:\/\/www.japanconsult.net\/?page_id=2"},"modified":"2020-06-12T08:19:27","modified_gmt":"2020-06-12T06:19:27","slug":"home","status":"publish","type":"page","link":"http:\/\/www.japanconsult.net\/de\/","title":{"rendered":"Home"},"content":{"rendered":"<div id='layer_slider_1'  class='avia-layerslider main_color avia-shadow  avia-builder-el-0  el_before_av_heading  avia-builder-el-first  container_wrap sidebar_left'  style='height: 895px;'  ><\/div><div id='after_layer_slider_1'  class='main_color av_default_container_wrap container_wrap sidebar_left'  ><div class='container av-section-cont-open' ><div class='template-page content  av-content-small units'><div class='post-entry post-entry-type-page post-entry-2'><div class='entry-content-wrapper clearfix'>\n\n<style type=\"text\/css\" data-created_by=\"avia_inline_auto\" id=\"style-css-av-av_heading-b64b907fa7d5d73ae507ea7885035287\">\n#top .av-special-heading.av-av_heading-b64b907fa7d5d73ae507ea7885035287{\npadding-bottom:10px;\n}\nbody .av-special-heading.av-av_heading-b64b907fa7d5d73ae507ea7885035287 .av-special-heading-tag .heading-char{\nfont-size:25px;\n}\n.av-special-heading.av-av_heading-b64b907fa7d5d73ae507ea7885035287 .av-subheading{\nfont-size:15px;\n}\n<\/style>\n<div  class='av-special-heading av-av_heading-b64b907fa7d5d73ae507ea7885035287 av-special-heading-h3  avia-builder-el-1  el_after_av_layerslider  el_before_av_textblock  avia-builder-el-first '><h3 class='av-special-heading-tag'  itemprop=\"headline\"  >JAPANCONSULT F\u00dcR UNTERNEHMEN<\/h3><div class=\"special-heading-border\"><div class=\"special-heading-inner-border\"><\/div><\/div><\/div>\n<section  class='av_textblock_section av-73ti-9d352bd4b5c25fec0aa4c997d2bb3c08'  itemscope=\"itemscope\" itemtype=\"https:\/\/schema.org\/CreativeWork\" ><div class='avia_textblock'  itemprop=\"text\" ><p>Makiko Yoshihara (Veltmann) absolvierte nach dem Schulbesuch in Tokyo und London ihr Studium der Psychologie an der Aoyama Gakuin Universit\u00e4t in Tokyo, belegte ihre ersten Deutsch-Kurse 1986 am Goethe-Institut und lebt seit 1993 in Deutschland.<\/p>\n<p>Neben den sprachlichen F\u00e4higkeiten bietet Makiko Yoshihara (Veltmann) Ihnen kulturelle Kompetenz in Deutschland und Japan.<\/p>\n<blockquote>\n<p>Ich helfe Ihnen. Von der Gesch\u00e4ftsreise in Deutschland und Japan bis zur \u00dcbersetzung laufender Gesch\u00e4ftskorrespondenz.<\/p>\n<\/blockquote>\n<\/div><\/section>\n","protected":false},"excerpt":{"rendered":"","protected":false},"author":1,"featured_media":0,"parent":0,"menu_order":1,"comment_status":"close","ping_status":"close","template":"","meta":{"footnotes":""},"class_list":["post-2","page","type-page","status-publish","hentry"],"_links":{"self":[{"href":"http:\/\/www.japanconsult.net\/de\/wp-json\/wp\/v2\/pages\/2"}],"collection":[{"href":"http:\/\/www.japanconsult.net\/de\/wp-json\/wp\/v2\/pages"}],"about":[{"href":"http:\/\/www.japanconsult.net\/de\/wp-json\/wp\/v2\/types\/page"}],"author":[{"embeddable":true,"href":"http:\/\/www.japanconsult.net\/de\/wp-json\/wp\/v2\/users\/1"}],"replies":[{"embeddable":true,"href":"http:\/\/www.japanconsult.net\/de\/wp-json\/wp\/v2\/comments?post=2"}],"version-history":[{"count":17,"href":"http:\/\/www.japanconsult.net\/de\/wp-json\/wp\/v2\/pages\/2\/revisions"}],"predecessor-version":[{"id":9,"href":"http:\/\/www.japanconsult.net\/de\/wp-json\/wp\/v2\/pages\/2\/revisions\/9"}],"wp:attachment":[{"href":"http:\/\/www.japanconsult.net\/de\/wp-json\/wp\/v2\/media?parent=2"}],"curies":[{"name":"wp","href":"https:\/\/api.w.org\/{rel}","templated":true}]}}